{"id":302,"date":"2024-05-13T10:01:47","date_gmt":"2024-05-13T08:01:47","guid":{"rendered":"https:\/\/www.taxi-transfer-split-airport.com\/?page_id=302"},"modified":"2024-06-21T08:17:05","modified_gmt":"2024-06-21T06:17:05","slug":"opci-uvjeti","status":"publish","type":"page","link":"https:\/\/www.taxi-transfer-split-airport.com\/hr\/opci-uvjeti\/","title":{"rendered":"Op\u0107i uvjeti"},"content":{"rendered":"<p><span style=\"font-weight: 400;\">Odredbe i uvjeti\u00a0Sablji\u0107 obrt za taxi prijevoz,Put \u0160talija 4 21216 Ka\u0161tel Stari, Hrvatska.\u00a0Obavezno pa\u017eljivo pro\u010ditajte te uvjete i odredbe prije nego \u0161to napravite bilo kakvu rezervaciju, jer to su va\u017ene pojedinosti u vezi s va\u0161im zakonskim pravima i du\u017enostima i njima \u0107ete biti ograni\u010deni.Va\u0161i\u00a0podaci na na\u0161oj web stranici, i va\u0161 voucher \u010dine potpuni ugovor izme\u0111u nas i vas i pokrivaju sve rezervacije koje je napravila na\u0161a web stranica.Ako mislite napraviti ispravnu narud\u017ebu\u00a0morate se pridr\u017eavati postupka naru\u010divanja na stranici za rezervacije na\u0161e web stranice.\u00a0Sve narud\u017ebe potrebno je potvrditi 24 sata prije dolaska.\u00a0Dopu\u0161teno nam je odbiti svaku narud\u017ebu koju ste poslali.\u00a0U slu\u010daju da nismo u mogu\u0107nosti izvr\u0161iti va\u0161 zahtjev za rezervaciju, poslat \u0107emo vam e-mail kako bismo vas obavijestili o toj \u010dinjenici.\u00a0Va\u0161 zahtjev za rezervaciju odobravamo slanjem vouchera za rezervaciju na adresu e-po\u0161te koju ste nam dali prilikom naru\u010divanja.\u00a0Potvr\u0111ujete da su sve informacije koje nam date kada je u pitanju kupnja Usluge to\u010dne, da je kreditna ili debitna kartica koju koristite va\u0161a vlastita i da ima dovoljno novca za pokrivanje cijene Usluge.\u00a0Zadr\u017eavamo pravo dobiti odobrenje va\u0161e kreditne ili debitne kartice prije pru\u017eanja usluge.\u00a0U slu\u010daju da se ne mo\u017ee dobiti odobrenje i ne izvr\u0161i pla\u0107anje, zadr\u017eavamo pravo otkazati rezervaciju.\u00a0Za rezervacije koje su uspje\u0161no kreirane, voucher \u0107e se kreirati s podacima o va\u0161em putovanju i va\u0161im jedinstvenim brojem vouchera.\u00a0Va\u0161a je obveza prije putovanja provjeriti podatke o va\u0161oj rezervaciji na voucheru i obavijestiti nas ako bude bilo kakvih problema.\u00a0Jednostavno se ne mo\u017eemo smatrati odgovornim u slu\u010daju da su podaci uneseni u trenutku podno\u0161enja zahtjeva za rezervaciju neto\u010dni.\u00a0Morat \u0107ete predo\u010diti svoj voucher voza\u010du na po\u010detku putovanja.\u00a0Zadr\u017eavamo pravo odbiti transfer u slu\u010daju da va\u0161 voucher za rezervaciju nije prikazan.<\/span><\/p>\n<p>&nbsp;<\/p>\n<p><span style=\"font-weight: 400;\">Cijene i pla\u0107anje Informacije o cijenama Usluge, te na\u010dinima pla\u0107anja dostupne su na na\u0161oj web stranici. Cijena bilo koje Usluge je cijena prikazana na na\u0161oj web stranici na datum i vrijeme va\u0161eg zahtjeva. Cijenu va\u0161e narud\u017ebe moramo potvrditi prije odobrenja. Obavijestit \u0107emo vas ako je to\u010dna cijena usluge vi\u0161a od one navedene u va\u0161oj narud\u017ebi, a vi mo\u017eete prekinuti narud\u017ebu i odlu\u010diti \u017eelite li ili ne kupiti uslugu po to\u010dnoj cijeni. Ako prekinete narud\u017ebu, va\u0161a kreditna ili debitna kartica ne\u0107e biti tere\u0107ena. Promjene i otkazivanja s va\u0161e strane Zahtjevi za izmjene moraju se dostaviti e-po\u0161tom na: <\/span><a href=\"mailto:luxurytransfers65@gmail.com\"><span style=\"font-weight: 400;\">luxurytransfers65@gmail.com<\/span><\/a><span style=\"font-weight: 400;\">. Ne jam\u010dimo da \u0107e svaki zahtjev za promjenama biti ispunjen. Promjene i otkazivanja bit \u0107e prihva\u0107eni u skladu s ovim odredbama i uvjetima. U slu\u010daju otkazivanja Usluge unutar 48 sati od izvr\u0161enja Usluge nismo du\u017eni vratiti prethodno pla\u0107eni iznos. Promjene i otkazivanja od na\u0161e strane Obavijestit \u0107emo vas \u0161to je prije mogu\u0107e u slu\u010daju da moramo izvr\u0161iti zna\u010dajnu izmjenu va\u0161ih provjerenih usluga ili ih otkazati. Tako\u0111er \u0107emo upotrijebiti sve razumne poku\u0161aje da prona\u0111emo alternativne usluge za vas bez dodatne naknade. Va\u0161e odgovornosti<\/span><span style=\"font-weight: 400;\">\u00a0\u00a0<\/span><\/p>\n<p><span style=\"font-weight: 400;\">Va\u0161a je odgovornost putovati s voucherom za rezervaciju na kojem su navedene sve pojedinosti o usluzi. U slu\u010daju da je va\u0161 let preusmjeren, predla\u017eemo da razgovarate s na\u0161om 24-satnom telefonskom linijom za pomo\u0107 \u0161to je prije mogu\u0107e. Tako\u0111er da se ne pojavite na polazi\u0161tu u zadanom vremenu (scenarij &#8220;nepojavljivanja&#8221;), a da nas niste obavijestili o odgodi ili otkazivanju usluge, nemate pravo na povrat novca . Na\u0161e odgovornosti Suglasni smo pru\u017eati uslugu profesionalno i u skladu sa zakonima i propisima Republike Hrvatske. Jam\u010dimo da su sva vozila koja se koriste za transfere registrirana i osigurana prema hrvatskim zakonima. Cijena Usluge uklju\u010duje osobno osiguranje. Ne snosimo odgovornost za \u0161tetu uzrokovanu nepredvidivim okolnostima. Ne odgovaramo za sadr\u017eaj prtljage. Ukoliko odabrano vozilo nije dostupno, imamo pravo prevesti putnike drugim odgovaraju\u0107im vozilom. Ako imate pritu\u017ebu U slu\u010daju da nai\u0111ete na problem s Va\u0161om uslugom, nazovite nas koriste\u0107i brojeve navedene na va\u0161em voucheru za rezervaciju. Ako nas u ovoj fazi ne obavijestite o svom problemu, to mo\u017ee utjecati na na\u0161u sposobnost da ispitamo predmet na koji se \u017ealite. U slu\u010daju da nakon povratka imate bilo kakvih nedoumica u vezi s uslugama koje ste rezervirali kod nas, najbolje je da nam ih uputite e-po\u0161tom na: <\/span><a href=\"mailto:luxurytransfers65@gmail.com\"><span style=\"font-weight: 400;\">luxurytransfers65@gmail.com<\/span><\/a><span style=\"font-weight: 400;\">. <\/span><span style=\"font-weight: 400;\">Svakako \u0107emo poku\u0161ati rije\u0161iti sve nedoumice u vezi s uslugom u roku od 30 dana od objave upozorenja.<\/span><\/p>\n","protected":false},"excerpt":{"rendered":"<p>Odredbe i uvjeti\u00a0Sablji\u0107 obrt za taxi prijevoz,Put \u0160talija 4 21216 Ka\u0161tel Stari, Hrvatska.\u00a0Obavezno pa\u017eljivo pro\u010ditajte te uvjete i odredbe prije nego \u0161to napravite bilo kakvu rezervaciju, jer to su va\u017ene pojedinosti u vezi s va\u0161im zakonskim pravima i du\u017enostima i njima \u0107ete biti ograni\u010deni.Va\u0161i\u00a0podaci na na\u0161oj web stranici, i va\u0161 voucher \u010dine potpuni ugovor izme\u0111u [&hellip;]<\/p>\n","protected":false},"author":1,"featured_media":0,"parent":0,"menu_order":0,"comment_status":"closed","ping_status":"closed","template":"template-terms.php","meta":{"_acf_changed":false,"footnotes":""},"class_list":["post-302","page","type-page","status-publish","hentry"],"acf":[],"aioseo_notices":[],"_links":{"self":[{"href":"https:\/\/www.taxi-transfer-split-airport.com\/hr\/wp-json\/wp\/v2\/pages\/302","targetHints":{"allow":["GET"]}}],"collection":[{"href":"https:\/\/www.taxi-transfer-split-airport.com\/hr\/wp-json\/wp\/v2\/pages"}],"about":[{"href":"https:\/\/www.taxi-transfer-split-airport.com\/hr\/wp-json\/wp\/v2\/types\/page"}],"author":[{"embeddable":true,"href":"https:\/\/www.taxi-transfer-split-airport.com\/hr\/wp-json\/wp\/v2\/users\/1"}],"replies":[{"embeddable":true,"href":"https:\/\/www.taxi-transfer-split-airport.com\/hr\/wp-json\/wp\/v2\/comments?post=302"}],"version-history":[{"count":5,"href":"https:\/\/www.taxi-transfer-split-airport.com\/hr\/wp-json\/wp\/v2\/pages\/302\/revisions"}],"predecessor-version":[{"id":674,"href":"https:\/\/www.taxi-transfer-split-airport.com\/hr\/wp-json\/wp\/v2\/pages\/302\/revisions\/674"}],"wp:attachment":[{"href":"https:\/\/www.taxi-transfer-split-airport.com\/hr\/wp-json\/wp\/v2\/media?parent=302"}],"curies":[{"name":"wp","href":"https:\/\/api.w.org\/{rel}","templated":true}]}}