{"id":314,"date":"2024-05-13T10:29:22","date_gmt":"2024-05-13T08:29:22","guid":{"rendered":"https:\/\/www.taxi-transfer-split-airport.com\/daily-trips\/"},"modified":"2024-06-24T07:43:06","modified_gmt":"2024-06-24T05:43:06","slug":"dnevni-izleti","status":"publish","type":"page","link":"https:\/\/www.taxi-transfer-split-airport.com\/hr\/dnevni-izleti\/","title":{"rendered":"Dnevni izleti"},"content":{"rendered":"<p>Nudimo izlete atraktivnih destinacija sa polazi\u0161tima iz Splita ili drugih dogoverenih lokacija.<\/p>\n<p>Ovo je ponuda izleta koji uklju\u010duju nacionalne parkove, parkove prirode, arheolo\u0161ka nalazi\u0161ta, kulturnu ba\u0161tinu i povijesne jezgre UNESCO gradova.<\/p>\n<p>Prema va\u0161oj \u017eelji mo\u017eemo spajati neke poludnevne izlete u jedan ve\u0107i cjelodnevni ili izmijeniti mjesta posje\u0107ivanja.<\/p>\n<p>Za ponudu i cijenu takvih izleta mo\u017eete nam poslati upit na mail adresu <a href=\"mailto:info@luxury-transfers.com\">info@luxury-transfers.com<\/a>.<\/p>\n","protected":false},"excerpt":{"rendered":"<p>Nudimo izlete atraktivnih destinacija sa polazi\u0161tima iz Splita ili drugih dogoverenih lokacija. Ovo je ponuda izleta koji uklju\u010duju nacionalne parkove, parkove prirode, arheolo\u0161ka nalazi\u0161ta, kulturnu ba\u0161tinu i povijesne jezgre UNESCO gradova. Prema va\u0161oj \u017eelji mo\u017eemo spajati neke poludnevne izlete u jedan ve\u0107i cjelodnevni ili izmijeniti mjesta posje\u0107ivanja. Za ponudu i cijenu takvih izleta mo\u017eete nam [&hellip;]<\/p>\n","protected":false},"author":1,"featured_media":0,"parent":0,"menu_order":0,"comment_status":"closed","ping_status":"closed","template":"template-dailytrips.php","meta":{"_acf_changed":false,"footnotes":""},"class_list":["post-314","page","type-page","status-publish","hentry"],"acf":[],"aioseo_notices":[],"_links":{"self":[{"href":"https:\/\/www.taxi-transfer-split-airport.com\/hr\/wp-json\/wp\/v2\/pages\/314","targetHints":{"allow":["GET"]}}],"collection":[{"href":"https:\/\/www.taxi-transfer-split-airport.com\/hr\/wp-json\/wp\/v2\/pages"}],"about":[{"href":"https:\/\/www.taxi-transfer-split-airport.com\/hr\/wp-json\/wp\/v2\/types\/page"}],"author":[{"embeddable":true,"href":"https:\/\/www.taxi-transfer-split-airport.com\/hr\/wp-json\/wp\/v2\/users\/1"}],"replies":[{"embeddable":true,"href":"https:\/\/www.taxi-transfer-split-airport.com\/hr\/wp-json\/wp\/v2\/comments?post=314"}],"version-history":[{"count":4,"href":"https:\/\/www.taxi-transfer-split-airport.com\/hr\/wp-json\/wp\/v2\/pages\/314\/revisions"}],"predecessor-version":[{"id":698,"href":"https:\/\/www.taxi-transfer-split-airport.com\/hr\/wp-json\/wp\/v2\/pages\/314\/revisions\/698"}],"wp:attachment":[{"href":"https:\/\/www.taxi-transfer-split-airport.com\/hr\/wp-json\/wp\/v2\/media?parent=314"}],"curies":[{"name":"wp","href":"https:\/\/api.w.org\/{rel}","templated":true}]}}